{"id":8054,"date":"2019-12-06T09:04:33","date_gmt":"2019-12-06T07:04:33","guid":{"rendered":"https:\/\/noarchitects.lt\/about-us\/"},"modified":"2019-12-06T09:04:33","modified_gmt":"2019-12-06T07:04:33","slug":"about-us","status":"publish","type":"page","link":"https:\/\/noarchitects.lt\/en\/about-us\/","title":{"rendered":"About us"},"content":{"rendered":"<div class=\"wpb-content-wrapper\"><p>[vc_row][vc_column][lab_heading title_tag=&#8221;H1&#8243; title=&#8221;\u201eNoarchitects\u201c \u2013 not only architects&#8221;]Jaunatvi\u0161ka ir \u0161iuolaiki\u0161ka profesionali\u0173 architekt\u0173 komanda, kurianti ir vystanti plataus spektro architekt\u016brinius projektus. Pagrindinis m\u016bs\u0173 tikslas yra kurti kokybi\u0161k\u0105 ir i\u0161skirtin\u0119 architekt\u016br\u0105. Vertiname tradicijas, ta\u010diau nepasiduodame nusistov\u0117jusiems standartams \u2013 dr\u012fstame si\u016blyti netik\u0117tus sprendimus ir turime savit\u0105 po\u017ei\u016br\u012f, i\u0161skirtin\u012f brai\u017e\u0105.<\/p>\n<p>Savo veikl\u0105 prad\u0117jome 2012 m. Nuo pat prad\u017ei\u0173 m\u016bs\u0173 po\u017ei\u016bris \u012f architekt\u016br\u0105 neapsiriboja vien tik objekt\u0173 projektavimu \u2013 mes visada ie\u0161kome integrali\u0173, prid\u0117tin\u0119 vert\u0119 turin\u010di\u0173 sprendim\u0173, kurie apima ne tik geografin\u012f, bet ir kult\u016brin\u012f, istorin\u012f kontekst\u0105. M\u016bs\u0173 darbuose puosel\u0117jama darna tarp to, kas sena, ir to, kas sukuriama pasitelkus \u0161iuolaiki\u0161kus sprendimus ir pasaulines architekt\u016bros tendencijas.[\/lab_heading][vc_single_image image=&#8221;5359&#8243; img_size=&#8221;full&#8221;][\/vc_column][\/vc_row][vc_row][vc_column][lab_heading title=&#8221;Susipa\u017einkime&#8221;][\/lab_heading][\/vc_column][\/vc_row][vc_row][vc_column width=&#8221;1\/2&#8243;][vc_single_image image=&#8221;4969&#8243; img_size=&#8221;full&#8221;][\/vc_column][vc_column width=&#8221;1\/2&#8243;][lab_contact_form name_title=&#8221;Kuo vardu?&#8221; email_title=&#8221;J\u016bs\u0173 el. pa\u0161tas&#8221; message_title=&#8221;Your message&#8221; show_subject_field=&#8221;&#8221; submit_title=&#8221;Send&#8221; submit_success=&#8221;Thank You!&#8221; alert_errors=&#8221;&#8221; email_receiver=&#8221;info@noarchitects.lt&#8221;][\/vc_column][\/vc_row]<\/p>\n<\/div>","protected":false},"excerpt":{"rendered":"<p>[vc_row][vc_column][lab_heading title_tag=&#8221;H1&#8243; title=&#8221;\u201eNoarchitects\u201c \u2013 not only architects&#8221;]Jaunatvi\u0161ka ir \u0161iuolaiki\u0161ka profesionali\u0173 architekt\u0173 komanda, kurianti ir vystanti plataus spektro architekt\u016brinius projektus. Pagrindinis m\u016bs\u0173 tikslas yra kurti kokybi\u0161k\u0105 ir i\u0161skirtin\u0119 architekt\u016br\u0105. Vertiname tradicijas, ta\u010diau nepasiduodame nusistov\u0117jusiems standartams \u2013 dr\u012fstame si\u016blyti netik\u0117tus sprendimus ir turime savit\u0105 po\u017ei\u016br\u012f, i\u0161skirtin\u012f brai\u017e\u0105. Savo veikl\u0105 prad\u0117jome 2012 m. Nuo pat prad\u017ei\u0173 m\u016bs\u0173 po\u017ei\u016bris&hellip;<\/p>\n","protected":false},"author":1,"featured_media":0,"parent":0,"menu_order":0,"comment_status":"closed","ping_status":"closed","template":"","meta":{"_acf_changed":false,"footnotes":""},"class_list":["post-8054","page","type-page","status-publish","hentry"],"acf":[],"_links":{"self":[{"href":"https:\/\/noarchitects.lt\/en\/wp-json\/wp\/v2\/pages\/8054","targetHints":{"allow":["GET"]}}],"collection":[{"href":"https:\/\/noarchitects.lt\/en\/wp-json\/wp\/v2\/pages"}],"about":[{"href":"https:\/\/noarchitects.lt\/en\/wp-json\/wp\/v2\/types\/page"}],"author":[{"embeddable":true,"href":"https:\/\/noarchitects.lt\/en\/wp-json\/wp\/v2\/users\/1"}],"replies":[{"embeddable":true,"href":"https:\/\/noarchitects.lt\/en\/wp-json\/wp\/v2\/comments?post=8054"}],"version-history":[{"count":1,"href":"https:\/\/noarchitects.lt\/en\/wp-json\/wp\/v2\/pages\/8054\/revisions"}],"predecessor-version":[{"id":8055,"href":"https:\/\/noarchitects.lt\/en\/wp-json\/wp\/v2\/pages\/8054\/revisions\/8055"}],"wp:attachment":[{"href":"https:\/\/noarchitects.lt\/en\/wp-json\/wp\/v2\/media?parent=8054"}],"curies":[{"name":"wp","href":"https:\/\/api.w.org\/{rel}","templated":true}]}}